{"id":1291,"date":"2021-03-17T13:14:01","date_gmt":"2021-03-17T12:14:01","guid":{"rendered":"http:\/\/wp.labonczfa.hu\/?post_type=product&#038;p=1291"},"modified":"2021-03-20T11:32:07","modified_gmt":"2021-03-20T10:32:07","slug":"pelda-spaletta","status":"publish","type":"product","link":"https:\/\/labonczfa.hu\/?product=pelda-spaletta","title":{"rendered":"Spaletta &#8211; Felt\u00f6lt\u00e9s alatt"},"content":{"rendered":"<p>Spaletta &#8211; Felt\u00f6lt\u00e9s alatt<\/p>\n","protected":false},"excerpt":{"rendered":"<p>Spaletta &#8211; Felt\u00f6lt\u00e9s alatt<\/p>\n","protected":false},"featured_media":0,"template":"","meta":[],"class_list":{"0":"post-1291","1":"product","2":"type-product","3":"status-publish","5":"product_cat-spalettak","7":"first","8":"instock","9":"shipping-taxable","10":"purchasable","11":"product-type-simple"},"_links":{"self":[{"href":"https:\/\/labonczfa.hu\/index.php?rest_route=\/wp\/v2\/product\/1291","targetHints":{"allow":["GET"]}}],"collection":[{"href":"https:\/\/labonczfa.hu\/index.php?rest_route=\/wp\/v2\/product"}],"about":[{"href":"https:\/\/labonczfa.hu\/index.php?rest_route=\/wp\/v2\/types\/product"}],"wp:attachment":[{"href":"https:\/\/labonczfa.hu\/index.php?rest_route=%2Fwp%2Fv2%2Fmedia&parent=1291"}],"curies":[{"name":"wp","href":"https:\/\/api.w.org\/{rel}","templated":true}]}}