{"id":1373,"date":"2021-03-18T02:03:47","date_gmt":"2021-03-18T01:03:47","guid":{"rendered":"http:\/\/wp.labonczfa.hu\/?post_type=product&#038;p=1373"},"modified":"2021-07-07T07:19:26","modified_gmt":"2021-07-07T06:19:26","slug":"btd02","status":"publish","type":"product","link":"https:\/\/labonczfa.hu\/?product=btd02","title":{"rendered":"BTD02"},"content":{"rendered":"<p>Keret szerkezetes, furn\u00e9ros.<\/p>\n<p>A k\u00e9p csak illusztr\u00e1ci\u00f3.<br \/>\nRendel\u00e9s est\u00e9n szem\u00e9lyes egyeztet\u00e9s sz\u00fcks\u00e9ges!<\/p>\n<p>&nbsp;<\/p>\n","protected":false},"excerpt":{"rendered":"<table>\n<tbody>\n<tr style=\"background-color: #f7a145;\">\n<td style=\"text-align: center;\" width=\"100\"><span style=\"color: #ffffff;\"><strong>Profil<\/strong><\/span><\/td>\n<td style=\"text-align: center;\" width=\"404\"><span style=\"color: #ffffff;\"><strong>B40<\/strong><\/span><\/td>\n<\/tr>\n<tr>\n<td width=\"100\"><span style=\"color: #4d4c4a;\">Alapanyag<\/span><\/td>\n<td style=\"text-align: center;\" width=\"204\"><span style=\"color: #4d4c4a;\">Tok: Hossztoldott r\u00e9tegragasztott Borovi feny\u0151. <\/span><br \/>\n<span style=\"color: #4d4c4a;\">Sz\u00e1rny: Keretszerkezetes kialak\u00edt\u00e1s, bel\u00fcl furatolt forg\u00e1cslap, k\u00edv\u00fcl 2 oldalt Borovi r\u00e9tegelt lemez bor\u00edt\u00e1s<\/span><\/td>\n<\/tr>\n<tr style=\"background-color: #f7f3ea;\">\n<td width=\"100\"><span style=\"color: #4d4c4a;\">K\u00fcsz\u00f6b<\/span><\/td>\n<td style=\"text-align: center;\" width=\"204\"><span style=\"color: #4d4c4a;\">Nem tartalmazza (Opcion\u00e1lis)<\/span><\/td>\n<\/tr>\n<tr>\n<td width=\"100\"><span style=\"color: #4d4c4a;\">\u00dcveg<\/span><\/td>\n<td style=\"text-align: center;\" width=\"204\"><span style=\"color: #4d4c4a;\">Nem tartalmazza (Opcion\u00e1lis)<\/span><\/td>\n<\/tr>\n<tr style=\"background-color: #f7f3ea;\">\n<td width=\"100\"><span style=\"color: #4d4c4a;\">Gumit\u00f6m\u00edt\u00e9s<\/span><\/td>\n<td style=\"text-align: center;\" width=\"204\"><span style=\"color: #4d4c4a;\">Igen, tartalmazza<\/span><\/td>\n<\/tr>\n<tr>\n<td width=\"100\"><span style=\"color: #4d4c4a;\">Z\u00e1r<\/span><\/td>\n<td style=\"text-align: center;\" width=\"204\"><span style=\"color: #4d4c4a;\">EURO Elzet Midi7 (kulcsos)<\/span><\/td>\n<\/tr>\n<tr style=\"background-color: #f7f3ea;\">\n<td width=\"100\"><span style=\"color: #4d4c4a;\">P\u00e1nt<\/span><\/td>\n<td style=\"text-align: center;\" width=\"204\"><span style=\"color: #4d4c4a;\">14mm 3D-s, Matt Nikkel, S\u00e1rga (3Db)<\/span><\/td>\n<\/tr>\n<tr>\n<td width=\"100\"><span style=\"color: #4d4c4a;\">Kilincs<\/span><\/td>\n<td style=\"text-align: center;\" width=\"204\"><span style=\"color: #4d4c4a;\">Nem tartalmazza (Opcion\u00e1lis)<\/span><\/td>\n<\/tr>\n<tr style=\"background-color: #f7f3ea;\">\n<td width=\"100\"><span style=\"color: #4d4c4a;\">Tok<\/span><\/td>\n<td style=\"text-align: center;\" width=\"204\"><span style=\"color: #4d4c4a;\">Ut\u00f3lag szerelhet\u0151 tok, falvastags\u00e1gnak megfelel\u0151en.<\/span><\/td>\n<\/tr>\n<tr>\n<td width=\"100\"><span style=\"color: #4d4c4a;\">Fel\u00fcletkezel\u00e9s<\/span><\/td>\n<td style=\"text-align: center;\" width=\"204\"><span style=\"color: #4d4c4a;\">Renner, Aquaris Vizes bevonat\u00fa rendszer (20 sz\u00edn)<\/span><\/td>\n<\/tr>\n<\/tbody>\n<\/table>\n","protected":false},"featured_media":1375,"template":"","meta":[],"class_list":{"0":"post-1373","1":"product","2":"type-product","3":"status-publish","4":"has-post-thumbnail","6":"product_cat-design","8":"first","9":"instock","10":"shipping-taxable","11":"product-type-simple"},"_links":{"self":[{"href":"https:\/\/labonczfa.hu\/index.php?rest_route=\/wp\/v2\/product\/1373","targetHints":{"allow":["GET"]}}],"collection":[{"href":"https:\/\/labonczfa.hu\/index.php?rest_route=\/wp\/v2\/product"}],"about":[{"href":"https:\/\/labonczfa.hu\/index.php?rest_route=\/wp\/v2\/types\/product"}],"wp:featuredmedia":[{"embeddable":true,"href":"https:\/\/labonczfa.hu\/index.php?rest_route=\/wp\/v2\/media\/1375"}],"wp:attachment":[{"href":"https:\/\/labonczfa.hu\/index.php?rest_route=%2Fwp%2Fv2%2Fmedia&parent=1373"}],"curies":[{"name":"wp","href":"https:\/\/api.w.org\/{rel}","templated":true}]}}