{"id":1576,"date":"2021-03-23T11:32:03","date_gmt":"2021-03-23T10:32:03","guid":{"rendered":"https:\/\/labonczfa.hu\/?post_type=product&#038;p=1576"},"modified":"2021-03-23T11:33:13","modified_gmt":"2021-03-23T10:33:13","slug":"bj-07","status":"publish","type":"product","link":"https:\/\/labonczfa.hu\/?product=bj-07","title":{"rendered":"BJ-07"},"content":{"rendered":"<p>Keret szerkezetes, furn\u00e9ros.<\/p>\n<p>A k\u00e9p csak illusztr\u00e1ci\u00f3.<br \/>\nRendel\u00e9s est\u00e9n szem\u00e9lyes egyeztet\u00e9s sz\u00fcks\u00e9ges!<\/p>\n","protected":false},"excerpt":{"rendered":"<table>\n<tbody>\n<tr style=\"background-color: #f7a145;\">\n<td style=\"text-align: center;\" width=\"100\"><span style=\"color: #ffffff;\"><strong>Profil<\/strong><\/span><\/td>\n<td style=\"text-align: center;\" width=\"404\"><span style=\"color: #ffffff;\"><strong>WF 68<\/strong><\/span><\/td>\n<td style=\"text-align: center;\" width=\"404\"><span style=\"color: #ffffff;\"><strong>WF 92<\/strong><\/span><\/td>\n<\/tr>\n<tr>\n<td width=\"100\"><span style=\"color: #4d4c4a;\">Alapanyag<\/span><\/td>\n<td style=\"text-align: center;\" colspan=\"2\" width=\"204\"><span style=\"color: #4d4c4a;\">Tok, Sz\u00e1rny: Hossztoldott r\u00e9tegragasztott Borovi feny\u0151.<\/span><\/td>\n<\/tr>\n<tr style=\"background-color: #f7f3ea;\">\n<td width=\"100\"><span style=\"color: #4d4c4a;\">K\u00fcsz\u00f6b<\/span><\/td>\n<td style=\"text-align: center;\" width=\"204\"><span style=\"color: #4d4c4a;\">H\u0151h\u00eddmentes Alum\u00ednium k\u00fcsz\u00f6b<\/span><\/td>\n<td style=\"text-align: center;\" width=\"204\"><span style=\"color: #4d4c4a;\">H\u0151h\u00eddmentes Alum\u00ednium k\u00fcsz\u00f6b<\/span><\/td>\n<\/tr>\n<tr>\n<td width=\"100\"><span style=\"color: #4d4c4a;\">\u00dcveg<\/span><\/td>\n<td style=\"text-align: center;\" width=\"204\"><span style=\"color: #4d4c4a;\">2 r\u00e9teg\u0171<\/span><br \/>\n<span style=\"color: #4d4c4a;\">4(Float)-16(AR)-4-Low-E,<\/span><br \/>\n<span style=\"color: #4d4c4a;\">T\u00edpusonk\u00e9nt elt\u00e9r\u0151 \u00fcveg mint\u00e1zat<\/span><\/td>\n<td style=\"text-align: center;\" width=\"204\"><span style=\"color: #4d4c4a;\">3 r\u00e9teg\u0171<\/span><br \/>\n<span style=\"color: #4d4c4a;\">4 (Low-E)-16 (AR)-4 (Float) 16 (AR)-4 (Low-E)<\/span><br \/>\n<span style=\"color: #4d4c4a;\">T\u00edpusonk\u00e9nt elt\u00e9r\u0151 \u00fcveg mint\u00e1zat<\/span><\/td>\n<\/tr>\n<tr style=\"background-color: #f7f3ea;\">\n<td width=\"100\"><span style=\"color: #4d4c4a;\">Gumit\u00f6m\u00edt\u00e9s<\/span><\/td>\n<td style=\"text-align: center;\" colspan=\"2\" width=\"204\"><span style=\"color: #4d4c4a;\">Sz\u00e1rny: 1x-es<\/span><br \/>\n<span style=\"color: #4d4c4a;\">Tok: 1x-es<\/span><\/td>\n<\/tr>\n<tr>\n<td width=\"100\"><span style=\"color: #4d4c4a;\">Vasalat<\/span><\/td>\n<td style=\"text-align: center;\" width=\"204\"><span style=\"color: #4d4c4a;\">Roto, 5 pontos biztons\u00e1gi z\u00e1r<\/span><br \/>\n<span style=\"color: #4d4c4a;\">2 csapos, 2 g\u00f6rg\u0151s<\/span><\/td>\n<td style=\"text-align: center;\" width=\"204\"><span style=\"color: #4d4c4a;\">Roto, 5 pontos biztons\u00e1gi z\u00e1r<\/span><br \/>\n<span style=\"color: #4d4c4a;\">4 g\u00f6rg\u0151s<\/span><\/td>\n<\/tr>\n<tr style=\"background-color: #f7f3ea;\">\n<td width=\"100\"><span style=\"color: #4d4c4a;\">P\u00e1nt<\/span><\/td>\n<td style=\"text-align: center;\" width=\"204\"><span style=\"color: #4d4c4a;\">16mm 3D-s, 4DB<\/span><br \/>\n<span style=\"color: #4d4c4a;\">(Bronz, Ez\u00fcst)<\/span><\/td>\n<td style=\"text-align: center;\" width=\"204\"><span style=\"color: #4d4c4a;\">SFS Easy 3D-s, 3DB<\/span><br \/>\n<span style=\"color: #4d4c4a;\">(Bronz, Ez\u00fcst)<\/span><\/td>\n<\/tr>\n<tr>\n<td width=\"100\"><span style=\"color: #4d4c4a;\">Kilincs<\/span><\/td>\n<td style=\"text-align: center;\" colspan=\"2\" width=\"204\"><span style=\"color: #4d4c4a;\">Hoppe Tokyo<\/span><br \/>\n<span style=\"color: #4d4c4a;\">(Bronz, Ez\u00fcst, Feh\u00e9r)<\/span><\/td>\n<\/tr>\n<tr style=\"background-color: #f7f3ea;\">\n<td width=\"100\"><span style=\"color: #4d4c4a;\">Fel\u00fcletkezel\u00e9s<\/span><\/td>\n<td style=\"text-align: center;\" colspan=\"2\" width=\"204\"><span style=\"color: #4d4c4a;\">Renner, Aquaris Vizes bevonat\u00fa rendszer (20 sz\u00edn)<\/span><\/td>\n<\/tr>\n<\/tbody>\n<\/table>\n","protected":false},"featured_media":1578,"template":"","meta":[],"class_list":{"0":"post-1576","1":"product","2":"type-product","3":"status-publish","4":"has-post-thumbnail","6":"product_cat-klasszikus_bejarati_ajtok","7":"product_tag-1-szarnyu","9":"first","10":"instock","11":"shipping-taxable","12":"product-type-simple"},"_links":{"self":[{"href":"https:\/\/labonczfa.hu\/index.php?rest_route=\/wp\/v2\/product\/1576","targetHints":{"allow":["GET"]}}],"collection":[{"href":"https:\/\/labonczfa.hu\/index.php?rest_route=\/wp\/v2\/product"}],"about":[{"href":"https:\/\/labonczfa.hu\/index.php?rest_route=\/wp\/v2\/types\/product"}],"wp:featuredmedia":[{"embeddable":true,"href":"https:\/\/labonczfa.hu\/index.php?rest_route=\/wp\/v2\/media\/1578"}],"wp:attachment":[{"href":"https:\/\/labonczfa.hu\/index.php?rest_route=%2Fwp%2Fv2%2Fmedia&parent=1576"}],"curies":[{"name":"wp","href":"https:\/\/api.w.org\/{rel}","templated":true}]}}