{"id":1611,"date":"2021-03-23T12:10:32","date_gmt":"2021-03-23T11:10:32","guid":{"rendered":"https:\/\/labonczfa.hu\/?post_type=product&#038;p=1611"},"modified":"2021-09-17T15:28:27","modified_gmt":"2021-09-17T14:28:27","slug":"bt-16","status":"publish","type":"product","link":"https:\/\/labonczfa.hu\/?product=bt-16","title":{"rendered":"BT-16"},"content":{"rendered":"<p>Keret szerkezetes, furn\u00e9ros.<\/p>\n<p>A k\u00e9p csak illusztr\u00e1ci\u00f3.<br \/>\nRendel\u00e9s est\u00e9n szem\u00e9lyes egyeztet\u00e9s sz\u00fcks\u00e9ges!<\/p>\n","protected":false},"excerpt":{"rendered":"<p>Keret szerkezetes, furn\u00e9ros. A k\u00e9p csak illusztr\u00e1ci\u00f3. Rendel\u00e9s est\u00e9n szem\u00e9lyes egyeztet\u00e9s sz\u00fcks\u00e9ges!<\/p>\n","protected":false},"featured_media":1613,"template":"","meta":[],"class_list":{"0":"post-1611","1":"product","2":"type-product","3":"status-publish","4":"has-post-thumbnail","6":"product_cat-klasszikus","7":"product_tag-1-szarnyu","9":"first","10":"instock","11":"shipping-taxable","12":"purchasable","13":"product-type-variable","14":"has-default-attributes"},"_links":{"self":[{"href":"https:\/\/labonczfa.hu\/index.php?rest_route=\/wp\/v2\/product\/1611","targetHints":{"allow":["GET"]}}],"collection":[{"href":"https:\/\/labonczfa.hu\/index.php?rest_route=\/wp\/v2\/product"}],"about":[{"href":"https:\/\/labonczfa.hu\/index.php?rest_route=\/wp\/v2\/types\/product"}],"wp:featuredmedia":[{"embeddable":true,"href":"https:\/\/labonczfa.hu\/index.php?rest_route=\/wp\/v2\/media\/1613"}],"wp:attachment":[{"href":"https:\/\/labonczfa.hu\/index.php?rest_route=%2Fwp%2Fv2%2Fmedia&parent=1611"}],"curies":[{"name":"wp","href":"https:\/\/api.w.org\/{rel}","templated":true}]}}