{"id":2069,"date":"2024-09-12T11:09:06","date_gmt":"2024-09-12T10:09:06","guid":{"rendered":"https:\/\/labonczfa.hu\/?post_type=product&#038;p=2069"},"modified":"2024-09-12T11:10:38","modified_gmt":"2024-09-12T10:10:38","slug":"tokyo-belteri-ajto-kilincs-kor-rozettas-kulcsos","status":"publish","type":"product","link":"https:\/\/labonczfa.hu\/?product=tokyo-belteri-ajto-kilincs-kor-rozettas-kulcsos","title":{"rendered":"Tokyo Belt\u00e9ri ajt\u00f3 kilincs k\u00f6r rozett\u00e1s kulcsos"},"content":{"rendered":"","protected":false},"excerpt":{"rendered":"<p>A <strong>HOPPE<\/strong> m\u00e1rk\u00e1j\u00fa szerelv\u00e9nyek kiv\u00e1l\u00f3 min\u0151s\u00e9g\u0171, korr\u00f3zi\u00f3\u00e1ll\u00f3 els\u0151dleges \u00f6tv\u00f6zetekb\u0151l k\u00e9sz\u00fclnek. A <strong>HOPPE<\/strong> alum\u00ednium kilincseket elox\u00e1lt vagy porsz\u00f3rt bevonat v\u00e9di. Az alum\u00ednium szerelv\u00e9nyek nem ig\u00e9nyelnek k\u00fcl\u00f6n\u00f6s karbantart\u00e1st, a szennyez\u0151d\u00e9s nedves ruh\u00e1val elt\u00e1vol\u00edthat\u00f3 r\u00f3luk.<\/p>\n<p>T\u00edpus sz\u00e1ma: Tokyo \u2013 1710\/42K\/42KS<\/p>\n","protected":false},"featured_media":2070,"template":"","meta":[],"class_list":{"0":"post-2069","1":"product","2":"type-product","3":"status-publish","4":"has-post-thumbnail","6":"product_cat-hoppe","8":"first","9":"instock","10":"shipping-taxable","11":"product-type-simple"},"_links":{"self":[{"href":"https:\/\/labonczfa.hu\/index.php?rest_route=\/wp\/v2\/product\/2069","targetHints":{"allow":["GET"]}}],"collection":[{"href":"https:\/\/labonczfa.hu\/index.php?rest_route=\/wp\/v2\/product"}],"about":[{"href":"https:\/\/labonczfa.hu\/index.php?rest_route=\/wp\/v2\/types\/product"}],"wp:featuredmedia":[{"embeddable":true,"href":"https:\/\/labonczfa.hu\/index.php?rest_route=\/wp\/v2\/media\/2070"}],"wp:attachment":[{"href":"https:\/\/labonczfa.hu\/index.php?rest_route=%2Fwp%2Fv2%2Fmedia&parent=2069"}],"curies":[{"name":"wp","href":"https:\/\/api.w.org\/{rel}","templated":true}]}}